{"id":255,"date":"2019-12-13T11:37:37","date_gmt":"2019-12-13T10:37:37","guid":{"rendered":"http:\/\/academiedubienetre.fr\/?page_id=255"},"modified":"2021-01-14T17:54:38","modified_gmt":"2021-01-14T16:54:38","slug":"le-centre","status":"publish","type":"page","link":"https:\/\/academiedubienetre.fr\/index.php\/le-centre\/","title":{"rendered":"Le centre"},"content":{"rendered":"\t\t<div data-elementor-type=\"wp-page\" data-elementor-id=\"255\" class=\"elementor elementor-255\">\n\t\t\t\t\t\t<div class=\"elementor-inner\">\n\t\t\t\t<div class=\"elementor-section-wrap\">\n\t\t\t\t\t\t\t\t\t<section class=\"elementor-section elementor-top-section elementor-element elementor-element-2084912b elementor-section-full_width elementor-section-content-middle elementor-section-height-default elementor-section-height-default\" data-id=\"2084912b\" data-element_type=\"section\">\n\t\t\t\t\t\t<div class=\"elementor-container elementor-column-gap-no\">\n\t\t\t\t\t\t\t<div class=\"elementor-row\">\n\t\t\t\t\t<div class=\"elementor-column elementor-col-50 elementor-top-column elementor-element elementor-element-28d0485c\" data-id=\"28d0485c\" data-element_type=\"column\">\n\t\t\t<div class=\"elementor-column-wrap elementor-element-populated\">\n\t\t\t\t\t\t\t<div class=\"elementor-widget-wrap\">\n\t\t\t\t\t\t<div class=\"elementor-element elementor-element-32cc75a8 elementor-widget elementor-widget-text-editor\" data-id=\"32cc75a8\" data-element_type=\"widget\" data-widget_type=\"text-editor.default\">\n\t\t\t\t<div class=\"elementor-widget-container\">\n\t\t\t\t\t\t\t\t<div class=\"elementor-text-editor elementor-clearfix\">\n\t\t\t\t<p>Le centre academie du bien-\u00eatre<\/p>\t\t\t\t\t<\/div>\n\t\t\t\t\t\t<\/div>\n\t\t\t\t<\/div>\n\t\t\t\t<div class=\"elementor-element elementor-element-6e8ca40 elementor-widget elementor-widget-heading\" data-id=\"6e8ca40\" data-element_type=\"widget\" data-widget_type=\"heading.default\">\n\t\t\t\t<div class=\"elementor-widget-container\">\n\t\t\t<h3 class=\"elementor-heading-title elementor-size-default\">A propos<\/h3>\t\t<\/div>\n\t\t\t\t<\/div>\n\t\t\t\t<div class=\"elementor-element elementor-element-7d20f9f elementor-widget-divider--view-line elementor-widget elementor-widget-divider\" data-id=\"7d20f9f\" data-element_type=\"widget\" data-widget_type=\"divider.default\">\n\t\t\t\t<div class=\"elementor-widget-container\">\n\t\t\t\t\t<div class=\"elementor-divider\">\n\t\t\t<span class=\"elementor-divider-separator\">\n\t\t\t\t\t\t<\/span>\n\t\t<\/div>\n\t\t\t\t<\/div>\n\t\t\t\t<\/div>\n\t\t\t\t\t\t<\/div>\n\t\t\t\t\t<\/div>\n\t\t<\/div>\n\t\t\t\t<div class=\"elementor-column elementor-col-50 elementor-top-column elementor-element elementor-element-6b008eb2\" data-id=\"6b008eb2\" data-element_type=\"column\">\n\t\t\t<div class=\"elementor-column-wrap elementor-element-populated\">\n\t\t\t\t\t\t\t<div class=\"elementor-widget-wrap\">\n\t\t\t\t\t\t<div class=\"elementor-element elementor-element-185a8dbd elementor-widget elementor-widget-text-editor\" data-id=\"185a8dbd\" data-element_type=\"widget\" data-widget_type=\"text-editor.default\">\n\t\t\t\t<div class=\"elementor-widget-container\">\n\t\t\t\t\t\t\t\t<div class=\"elementor-text-editor elementor-clearfix\">\n\t\t\t\t<p>Le centre de formation <strong>Acad\u00e9mie du Bien-Etre<\/strong> est un centre de formation o\u00f9 la <strong>qualit\u00e9<\/strong>, le <strong>respect<\/strong> et la <strong>bienveillance<\/strong> sont les priorit\u00e9s.<\/p><p>Les bienfaits des techniques holistiques appliquant les lois de la nature o\u00f9 <strong>nous consid\u00e9rons l\u2019\u00eatre\u00a0 humain dans sa globalit\u00e9<\/strong> (physique, psychologique,\u00a0\u00e9nerg\u00e9tique, \u00e9motionnelle, et spirituelle ) \u00a0ne sont plus \u00e0 d\u00e9montrer.<\/p><p>La <strong>sophrologie<\/strong>, la <strong>sophro-analyse<\/strong>, \u00a0le <strong>reiki<\/strong>, la <strong>lithoth\u00e9rapie<\/strong>, la <strong>psychologie positive<\/strong>, les <strong>techniques \u00e9nerg\u00e9tiques<\/strong>\u2026 sont des pratiques mill\u00e9naires respectant ces principes qu\u2019Hyppocrate appliquait, il disait \u00ab\u00a0<strong><em>la nature est gu\u00e9risseuse <\/em><\/strong>\u00bb \u00ab\u00a0<strong><em>l\u2019homme est consid\u00e9r\u00e9 dans sa globalit\u00e9\u00a0<\/em><\/strong>\u00bb &#8230;<\/p><p>G\u00e9rante et formatrice dans un m\u00e9tier du bien-\u00eatre depuis 2005, au d\u00e9tour de mon chemin de vie et des \u00e9preuves diverses, j\u2019ai d\u00e9couvert la sophrologie et la sophro-analyse ainsi que diverses pratiques \u00e9nerg\u00e9tiques.<\/p><p><strong>Dipl\u00f4m\u00e9e et certifi\u00e9e<\/strong> dans plusieurs domaines de pratiques alternatives et holistiques, mes comp\u00e9tences, mes connaissances et mes exp\u00e9riences permettent au centre de formation Acad\u00e9mie du bien-\u00eatre de former des <strong>th\u00e9rapeutes<\/strong>, des <strong>accompagnants<\/strong> <strong>int\u00e8gres<\/strong>, <strong>respectueux<\/strong> et <strong>comp\u00e9tents<\/strong>.<\/p>\t\t\t\t\t<\/div>\n\t\t\t\t\t\t<\/div>\n\t\t\t\t<\/div>\n\t\t\t\t\t\t<\/div>\n\t\t\t\t\t<\/div>\n\t\t<\/div>\n\t\t\t\t\t\t\t\t<\/div>\n\t\t\t\t\t<\/div>\n\t\t<\/section>\n\t\t\t\t<section class=\"elementor-section elementor-top-section elementor-element elementor-element-12c12c63 elementor-section-content-middle elementor-section-boxed elementor-section-height-default elementor-section-height-default\" data-id=\"12c12c63\" data-element_type=\"section\">\n\t\t\t\t\t\t<div class=\"elementor-container elementor-column-gap-default\">\n\t\t\t\t\t\t\t<div class=\"elementor-row\">\n\t\t\t\t\t<div class=\"elementor-column elementor-col-50 elementor-top-column elementor-element elementor-element-27f41f0e\" data-id=\"27f41f0e\" data-element_type=\"column\">\n\t\t\t<div class=\"elementor-column-wrap elementor-element-populated\">\n\t\t\t\t\t\t\t<div class=\"elementor-widget-wrap\">\n\t\t\t\t\t\t<div class=\"elementor-element elementor-element-34a717cd elementor-widget elementor-widget-heading\" data-id=\"34a717cd\" data-element_type=\"widget\" data-widget_type=\"heading.default\">\n\t\t\t\t<div class=\"elementor-widget-container\">\n\t\t\t<h3 class=\"elementor-heading-title elementor-size-large\">Grand espace<\/h3>\t\t<\/div>\n\t\t\t\t<\/div>\n\t\t\t\t<div class=\"elementor-element elementor-element-15e0601f elementor-widget elementor-widget-text-editor\" data-id=\"15e0601f\" data-element_type=\"widget\" data-widget_type=\"text-editor.default\">\n\t\t\t\t<div class=\"elementor-widget-container\">\n\t\t\t\t\t\t\t\t<div class=\"elementor-text-editor elementor-clearfix\">\n\t\t\t\t<p>Le centre de formation Acad\u00e9mie du bien-\u00eatre dispose d&#8217;un grand espace avec un grand parking, le centre est visible et facile d&#8217;acc\u00e8s.\u00a0<\/p>\t\t\t\t\t<\/div>\n\t\t\t\t\t\t<\/div>\n\t\t\t\t<\/div>\n\t\t\t\t\t\t<\/div>\n\t\t\t\t\t<\/div>\n\t\t<\/div>\n\t\t\t\t<div class=\"elementor-column elementor-col-50 elementor-top-column elementor-element elementor-element-35fa1507\" data-id=\"35fa1507\" data-element_type=\"column\">\n\t\t\t<div class=\"elementor-column-wrap elementor-element-populated\">\n\t\t\t\t\t\t\t<div class=\"elementor-widget-wrap\">\n\t\t\t\t\t\t<div class=\"elementor-element elementor-element-340d0e16 elementor-widget elementor-widget-image\" data-id=\"340d0e16\" data-element_type=\"widget\" data-widget_type=\"image.default\">\n\t\t\t\t<div class=\"elementor-widget-container\">\n\t\t\t\t\t\t\t\t<div class=\"elementor-image\">\n\t\t\t\t\t\t\t\t\t\t\t\t<img width=\"1600\" height=\"777\" src=\"https:\/\/academiedubienetre.fr\/wp-content\/uploads\/2021\/01\/IMG-20210114-WA0048.jpg\" class=\"attachment-full size-full wp-image-570\" alt=\"\" loading=\"lazy\" srcset=\"https:\/\/academiedubienetre.fr\/wp-content\/uploads\/2021\/01\/IMG-20210114-WA0048.jpg 1600w, https:\/\/academiedubienetre.fr\/wp-content\/uploads\/2021\/01\/IMG-20210114-WA0048-300x146.jpg 300w, https:\/\/academiedubienetre.fr\/wp-content\/uploads\/2021\/01\/IMG-20210114-WA0048-1024x497.jpg 1024w, https:\/\/academiedubienetre.fr\/wp-content\/uploads\/2021\/01\/IMG-20210114-WA0048-768x373.jpg 768w, https:\/\/academiedubienetre.fr\/wp-content\/uploads\/2021\/01\/IMG-20210114-WA0048-1536x746.jpg 1536w\" sizes=\"(max-width: 1600px) 100vw, 1600px\" \/>\t\t\t\t\t\t\t\t\t\t\t\t\t\t<\/div>\n\t\t\t\t\t\t<\/div>\n\t\t\t\t<\/div>\n\t\t\t\t\t\t<\/div>\n\t\t\t\t\t<\/div>\n\t\t<\/div>\n\t\t\t\t\t\t\t\t<\/div>\n\t\t\t\t\t<\/div>\n\t\t<\/section>\n\t\t\t\t<section class=\"elementor-section elementor-top-section elementor-element elementor-element-4d0973d0 elementor-section-content-middle elementor-reverse-mobile elementor-section-boxed elementor-section-height-default elementor-section-height-default\" data-id=\"4d0973d0\" data-element_type=\"section\">\n\t\t\t\t\t\t<div class=\"elementor-container elementor-column-gap-default\">\n\t\t\t\t\t\t\t<div class=\"elementor-row\">\n\t\t\t\t\t<div class=\"elementor-column elementor-col-50 elementor-top-column elementor-element elementor-element-5913e062\" data-id=\"5913e062\" data-element_type=\"column\">\n\t\t\t<div class=\"elementor-column-wrap elementor-element-populated\">\n\t\t\t\t\t\t\t<div class=\"elementor-widget-wrap\">\n\t\t\t\t\t\t<div class=\"elementor-element elementor-element-67ac21df elementor-widget elementor-widget-image\" data-id=\"67ac21df\" data-element_type=\"widget\" data-widget_type=\"image.default\">\n\t\t\t\t<div class=\"elementor-widget-container\">\n\t\t\t\t\t\t\t\t<div class=\"elementor-image\">\n\t\t\t\t\t\t\t\t\t\t\t\t<img width=\"1920\" height=\"2560\" src=\"https:\/\/academiedubienetre.fr\/wp-content\/uploads\/2021\/01\/20200805_100043-scaled.jpg\" class=\"attachment-full size-full wp-image-571\" alt=\"\" loading=\"lazy\" srcset=\"https:\/\/academiedubienetre.fr\/wp-content\/uploads\/2021\/01\/20200805_100043-scaled.jpg 1920w, https:\/\/academiedubienetre.fr\/wp-content\/uploads\/2021\/01\/20200805_100043-225x300.jpg 225w, https:\/\/academiedubienetre.fr\/wp-content\/uploads\/2021\/01\/20200805_100043-768x1024.jpg 768w, https:\/\/academiedubienetre.fr\/wp-content\/uploads\/2021\/01\/20200805_100043-1152x1536.jpg 1152w, https:\/\/academiedubienetre.fr\/wp-content\/uploads\/2021\/01\/20200805_100043-1536x2048.jpg 1536w\" sizes=\"(max-width: 1920px) 100vw, 1920px\" \/>\t\t\t\t\t\t\t\t\t\t\t\t\t\t<\/div>\n\t\t\t\t\t\t<\/div>\n\t\t\t\t<\/div>\n\t\t\t\t\t\t<\/div>\n\t\t\t\t\t<\/div>\n\t\t<\/div>\n\t\t\t\t<div class=\"elementor-column elementor-col-50 elementor-top-column elementor-element elementor-element-1df299c5\" data-id=\"1df299c5\" data-element_type=\"column\">\n\t\t\t<div class=\"elementor-column-wrap elementor-element-populated\">\n\t\t\t\t\t\t\t<div class=\"elementor-widget-wrap\">\n\t\t\t\t\t\t<div class=\"elementor-element elementor-element-4983d848 elementor-widget elementor-widget-heading\" data-id=\"4983d848\" data-element_type=\"widget\" data-widget_type=\"heading.default\">\n\t\t\t\t<div class=\"elementor-widget-container\">\n\t\t\t<h3 class=\"elementor-heading-title elementor-size-large\">Au coeur de la nature<\/h3>\t\t<\/div>\n\t\t\t\t<\/div>\n\t\t\t\t<div class=\"elementor-element elementor-element-baff68d elementor-widget elementor-widget-text-editor\" data-id=\"baff68d\" data-element_type=\"widget\" data-widget_type=\"text-editor.default\">\n\t\t\t\t<div class=\"elementor-widget-container\">\n\t\t\t\t\t\t\t\t<div class=\"elementor-text-editor elementor-clearfix\">\n\t\t\t\t<p>Votre centre de Formation se situe en plein coeur de la nature: un \u00e9tang priv\u00e9 permet la d\u00e9tente et le calme.<\/p>\t\t\t\t\t<\/div>\n\t\t\t\t\t\t<\/div>\n\t\t\t\t<\/div>\n\t\t\t\t\t\t<\/div>\n\t\t\t\t\t<\/div>\n\t\t<\/div>\n\t\t\t\t\t\t\t\t<\/div>\n\t\t\t\t\t<\/div>\n\t\t<\/section>\n\t\t\t\t<section class=\"elementor-section elementor-top-section elementor-element elementor-element-51cbe3e6 elementor-section-content-middle elementor-section-boxed elementor-section-height-default elementor-section-height-default\" data-id=\"51cbe3e6\" data-element_type=\"section\" data-settings=\"{&quot;background_background&quot;:&quot;classic&quot;}\">\n\t\t\t\t\t\t<div class=\"elementor-container elementor-column-gap-default\">\n\t\t\t\t\t\t\t<div class=\"elementor-row\">\n\t\t\t\t\t<div class=\"elementor-column elementor-col-50 elementor-top-column elementor-element elementor-element-7cf09429\" data-id=\"7cf09429\" data-element_type=\"column\">\n\t\t\t<div class=\"elementor-column-wrap elementor-element-populated\">\n\t\t\t\t\t\t\t<div class=\"elementor-widget-wrap\">\n\t\t\t\t\t\t<div class=\"elementor-element elementor-element-52f2a963 elementor-widget elementor-widget-heading\" data-id=\"52f2a963\" data-element_type=\"widget\" data-widget_type=\"heading.default\">\n\t\t\t\t<div class=\"elementor-widget-container\">\n\t\t\t<h3 class=\"elementor-heading-title elementor-size-large\">Acad\u00e9mie du Bien-\u00catre  allie nature, calme et formation<\/h3>\t\t<\/div>\n\t\t\t\t<\/div>\n\t\t\t\t<div class=\"elementor-element elementor-element-2b2f725d elementor-widget elementor-widget-text-editor\" data-id=\"2b2f725d\" data-element_type=\"widget\" data-widget_type=\"text-editor.default\">\n\t\t\t\t<div class=\"elementor-widget-container\">\n\t\t\t\t\t\t\t\t<div class=\"elementor-text-editor elementor-clearfix\">\n\t\t\t\t<p>Un centre de formation qui se veut diff\u00e9rent : en plein coeur de la nature, petit centre avec de petits groupes pour une harmonie, une relation de confiance et plus familiale.\u00a0<\/p>\t\t\t\t\t<\/div>\n\t\t\t\t\t\t<\/div>\n\t\t\t\t<\/div>\n\t\t\t\t\t\t<\/div>\n\t\t\t\t\t<\/div>\n\t\t<\/div>\n\t\t\t\t<div class=\"elementor-column elementor-col-50 elementor-top-column elementor-element elementor-element-d5323bf\" data-id=\"d5323bf\" data-element_type=\"column\">\n\t\t\t<div class=\"elementor-column-wrap elementor-element-populated\">\n\t\t\t\t\t\t\t<div class=\"elementor-widget-wrap\">\n\t\t\t\t\t\t<div class=\"elementor-element elementor-element-6d7ea1fd elementor-widget elementor-widget-image\" data-id=\"6d7ea1fd\" data-element_type=\"widget\" data-widget_type=\"image.default\">\n\t\t\t\t<div class=\"elementor-widget-container\">\n\t\t\t\t\t\t\t\t<div class=\"elementor-image\">\n\t\t\t\t\t\t\t\t\t\t\t\t<img width=\"778\" height=\"772\" src=\"https:\/\/academiedubienetre.fr\/wp-content\/uploads\/2021\/01\/20210114_175303.jpg\" class=\"attachment-full size-full wp-image-573\" alt=\"\" loading=\"lazy\" srcset=\"https:\/\/academiedubienetre.fr\/wp-content\/uploads\/2021\/01\/20210114_175303.jpg 778w, https:\/\/academiedubienetre.fr\/wp-content\/uploads\/2021\/01\/20210114_175303-300x298.jpg 300w, https:\/\/academiedubienetre.fr\/wp-content\/uploads\/2021\/01\/20210114_175303-150x150.jpg 150w, https:\/\/academiedubienetre.fr\/wp-content\/uploads\/2021\/01\/20210114_175303-768x762.jpg 768w, https:\/\/academiedubienetre.fr\/wp-content\/uploads\/2021\/01\/20210114_175303-90x90.jpg 90w\" sizes=\"(max-width: 778px) 100vw, 778px\" \/>\t\t\t\t\t\t\t\t\t\t\t\t\t\t<\/div>\n\t\t\t\t\t\t<\/div>\n\t\t\t\t<\/div>\n\t\t\t\t\t\t<\/div>\n\t\t\t\t\t<\/div>\n\t\t<\/div>\n\t\t\t\t\t\t\t\t<\/div>\n\t\t\t\t\t<\/div>\n\t\t<\/section>\n\t\t\t\t<section class=\"elementor-section elementor-top-section elementor-element elementor-element-e7da732 elementor-section-boxed elementor-section-height-default elementor-section-height-default\" data-id=\"e7da732\" data-element_type=\"section\">\n\t\t\t\t\t\t<div class=\"elementor-container elementor-column-gap-default\">\n\t\t\t\t\t\t\t<div class=\"elementor-row\">\n\t\t\t\t\t<div class=\"elementor-column elementor-col-100 elementor-top-column elementor-element elementor-element-53b4702\" data-id=\"53b4702\" data-element_type=\"column\">\n\t\t\t<div class=\"elementor-column-wrap elementor-element-populated\">\n\t\t\t\t\t\t\t<div class=\"elementor-widget-wrap\">\n\t\t\t\t\t\t<div class=\"elementor-element elementor-element-8f9da47 elementor-align-center elementor-widget elementor-widget-button\" data-id=\"8f9da47\" data-element_type=\"widget\" data-widget_type=\"button.default\">\n\t\t\t\t<div class=\"elementor-widget-container\">\n\t\t\t\t\t<div class=\"elementor-button-wrapper\">\n\t\t\t<a href=\"http:\/\/academiedubienetre.fr\/#services\" class=\"elementor-button-link elementor-button elementor-size-sm\" role=\"button\">\n\t\t\t\t\t\t<span class=\"elementor-button-content-wrapper\">\n\t\t\t\t\t\t<span class=\"elementor-button-text\">Les formations<\/span>\n\t\t<\/span>\n\t\t\t\t\t<\/a>\n\t\t<\/div>\n\t\t\t\t<\/div>\n\t\t\t\t<\/div>\n\t\t\t\t\t\t<\/div>\n\t\t\t\t\t<\/div>\n\t\t<\/div>\n\t\t\t\t\t\t\t\t<\/div>\n\t\t\t\t\t<\/div>\n\t\t<\/section>\n\t\t\t\t\t\t\t\t\t<\/div>\n\t\t\t<\/div>\n\t\t\t\t\t<\/div>\n\t\t","protected":false},"excerpt":{"rendered":"<p>Le centre academie du bien-\u00eatre A propos Le centre de formation Acad\u00e9mie du Bien-Etre est un centre de formation o\u00f9 la qualit\u00e9, le respect et la bienveillance sont les priorit\u00e9s. Les bienfaits des techniques holistiques appliquant les lois de la nature o\u00f9 nous consid\u00e9rons l\u2019\u00eatre\u00a0 humain dans sa globalit\u00e9 (physique, psychologique,\u00a0\u00e9nerg\u00e9tique, \u00e9motionnelle, et spirituelle ) [&hellip;]<\/p>\n","protected":false},"author":1,"featured_media":0,"parent":0,"menu_order":0,"comment_status":"closed","ping_status":"closed","template":"","meta":{"_mi_skip_tracking":false},"yoast_head":"<!-- This site is optimized with the Yoast SEO plugin v20.6 - https:\/\/yoast.com\/wordpress\/plugins\/seo\/ -->\n<title>Le centre - Acad\u00e9mie du bien-\u00eatre<\/title>\n<meta name=\"robots\" content=\"index, follow, max-snippet:-1, max-image-preview:large, max-video-preview:-1\" \/>\n<link rel=\"canonical\" href=\"https:\/\/academiedubienetre.fr\/index.php\/le-centre\/\" \/>\n<meta property=\"og:locale\" content=\"en_US\" \/>\n<meta property=\"og:type\" content=\"article\" \/>\n<meta property=\"og:title\" content=\"Le centre - Acad\u00e9mie du bien-\u00eatre\" \/>\n<meta property=\"og:description\" content=\"Le centre academie du bien-\u00eatre A propos Le centre de formation Acad\u00e9mie du Bien-Etre est un centre de formation o\u00f9 la qualit\u00e9, le respect et la bienveillance sont les priorit\u00e9s. Les bienfaits des techniques holistiques appliquant les lois de la nature o\u00f9 nous consid\u00e9rons l\u2019\u00eatre\u00a0 humain dans sa globalit\u00e9 (physique, psychologique,\u00a0\u00e9nerg\u00e9tique, \u00e9motionnelle, et spirituelle ) [&hellip;]\" \/>\n<meta property=\"og:url\" content=\"https:\/\/academiedubienetre.fr\/index.php\/le-centre\/\" \/>\n<meta property=\"og:site_name\" content=\"Acad\u00e9mie du bien-\u00eatre\" \/>\n<meta property=\"article:modified_time\" content=\"2021-01-14T16:54:38+00:00\" \/>\n<meta property=\"og:image\" content=\"http:\/\/academiedubienetre.fr\/wp-content\/uploads\/2021\/01\/IMG-20210114-WA0048.jpg\" \/>\n<meta name=\"twitter:card\" content=\"summary_large_image\" \/>\n<meta name=\"twitter:label1\" content=\"Est. reading time\" \/>\n\t<meta name=\"twitter:data1\" content=\"1 minute\" \/>\n<script type=\"application\/ld+json\" class=\"yoast-schema-graph\">{\"@context\":\"https:\/\/schema.org\",\"@graph\":[{\"@type\":\"WebPage\",\"@id\":\"https:\/\/academiedubienetre.fr\/index.php\/le-centre\/\",\"url\":\"https:\/\/academiedubienetre.fr\/index.php\/le-centre\/\",\"name\":\"Le centre - Acad\u00e9mie du bien-\u00eatre\",\"isPartOf\":{\"@id\":\"https:\/\/academiedubienetre.fr\/#website\"},\"datePublished\":\"2019-12-13T10:37:37+00:00\",\"dateModified\":\"2021-01-14T16:54:38+00:00\",\"breadcrumb\":{\"@id\":\"https:\/\/academiedubienetre.fr\/index.php\/le-centre\/#breadcrumb\"},\"inLanguage\":\"en-US\",\"potentialAction\":[{\"@type\":\"ReadAction\",\"target\":[\"https:\/\/academiedubienetre.fr\/index.php\/le-centre\/\"]}]},{\"@type\":\"BreadcrumbList\",\"@id\":\"https:\/\/academiedubienetre.fr\/index.php\/le-centre\/#breadcrumb\",\"itemListElement\":[{\"@type\":\"ListItem\",\"position\":1,\"name\":\"Accueil\",\"item\":\"https:\/\/academiedubienetre.fr\/\"},{\"@type\":\"ListItem\",\"position\":2,\"name\":\"Le centre\"}]},{\"@type\":\"WebSite\",\"@id\":\"https:\/\/academiedubienetre.fr\/#website\",\"url\":\"https:\/\/academiedubienetre.fr\/\",\"name\":\"Acad\u00e9mie du bien-\u00eatre\",\"description\":\"Formation th\u00e9rapeute en bien-\u00eatre\",\"publisher\":{\"@id\":\"https:\/\/academiedubienetre.fr\/#organization\"},\"potentialAction\":[{\"@type\":\"SearchAction\",\"target\":{\"@type\":\"EntryPoint\",\"urlTemplate\":\"https:\/\/academiedubienetre.fr\/?s={search_term_string}\"},\"query-input\":\"required name=search_term_string\"}],\"inLanguage\":\"en-US\"},{\"@type\":\"Organization\",\"@id\":\"https:\/\/academiedubienetre.fr\/#organization\",\"name\":\"Acad\u00e9mie du bien-\u00eatre\",\"url\":\"https:\/\/academiedubienetre.fr\/\",\"logo\":{\"@type\":\"ImageObject\",\"inLanguage\":\"en-US\",\"@id\":\"https:\/\/academiedubienetre.fr\/#\/schema\/logo\/image\/\",\"url\":\"http:\/\/academiedubienetre.fr\/wp-content\/uploads\/2019\/12\/bol_reiki.jpg\",\"contentUrl\":\"http:\/\/academiedubienetre.fr\/wp-content\/uploads\/2019\/12\/bol_reiki.jpg\",\"width\":1920,\"height\":1441,\"caption\":\"Acad\u00e9mie du bien-\u00eatre\"},\"image\":{\"@id\":\"https:\/\/academiedubienetre.fr\/#\/schema\/logo\/image\/\"}}]}<\/script>\n<!-- \/ Yoast SEO plugin. -->","yoast_head_json":{"title":"Le centre - Acad\u00e9mie du bien-\u00eatre","robots":{"index":"index","follow":"follow","max-snippet":"max-snippet:-1","max-image-preview":"max-image-preview:large","max-video-preview":"max-video-preview:-1"},"canonical":"https:\/\/academiedubienetre.fr\/index.php\/le-centre\/","og_locale":"en_US","og_type":"article","og_title":"Le centre - Acad\u00e9mie du bien-\u00eatre","og_description":"Le centre academie du bien-\u00eatre A propos Le centre de formation Acad\u00e9mie du Bien-Etre est un centre de formation o\u00f9 la qualit\u00e9, le respect et la bienveillance sont les priorit\u00e9s. Les bienfaits des techniques holistiques appliquant les lois de la nature o\u00f9 nous consid\u00e9rons l\u2019\u00eatre\u00a0 humain dans sa globalit\u00e9 (physique, psychologique,\u00a0\u00e9nerg\u00e9tique, \u00e9motionnelle, et spirituelle ) [&hellip;]","og_url":"https:\/\/academiedubienetre.fr\/index.php\/le-centre\/","og_site_name":"Acad\u00e9mie du bien-\u00eatre","article_modified_time":"2021-01-14T16:54:38+00:00","og_image":[{"url":"http:\/\/academiedubienetre.fr\/wp-content\/uploads\/2021\/01\/IMG-20210114-WA0048.jpg"}],"twitter_card":"summary_large_image","twitter_misc":{"Est. reading time":"1 minute"},"schema":{"@context":"https:\/\/schema.org","@graph":[{"@type":"WebPage","@id":"https:\/\/academiedubienetre.fr\/index.php\/le-centre\/","url":"https:\/\/academiedubienetre.fr\/index.php\/le-centre\/","name":"Le centre - Acad\u00e9mie du bien-\u00eatre","isPartOf":{"@id":"https:\/\/academiedubienetre.fr\/#website"},"datePublished":"2019-12-13T10:37:37+00:00","dateModified":"2021-01-14T16:54:38+00:00","breadcrumb":{"@id":"https:\/\/academiedubienetre.fr\/index.php\/le-centre\/#breadcrumb"},"inLanguage":"en-US","potentialAction":[{"@type":"ReadAction","target":["https:\/\/academiedubienetre.fr\/index.php\/le-centre\/"]}]},{"@type":"BreadcrumbList","@id":"https:\/\/academiedubienetre.fr\/index.php\/le-centre\/#breadcrumb","itemListElement":[{"@type":"ListItem","position":1,"name":"Accueil","item":"https:\/\/academiedubienetre.fr\/"},{"@type":"ListItem","position":2,"name":"Le centre"}]},{"@type":"WebSite","@id":"https:\/\/academiedubienetre.fr\/#website","url":"https:\/\/academiedubienetre.fr\/","name":"Acad\u00e9mie du bien-\u00eatre","description":"Formation th\u00e9rapeute en bien-\u00eatre","publisher":{"@id":"https:\/\/academiedubienetre.fr\/#organization"},"potentialAction":[{"@type":"SearchAction","target":{"@type":"EntryPoint","urlTemplate":"https:\/\/academiedubienetre.fr\/?s={search_term_string}"},"query-input":"required name=search_term_string"}],"inLanguage":"en-US"},{"@type":"Organization","@id":"https:\/\/academiedubienetre.fr\/#organization","name":"Acad\u00e9mie du bien-\u00eatre","url":"https:\/\/academiedubienetre.fr\/","logo":{"@type":"ImageObject","inLanguage":"en-US","@id":"https:\/\/academiedubienetre.fr\/#\/schema\/logo\/image\/","url":"http:\/\/academiedubienetre.fr\/wp-content\/uploads\/2019\/12\/bol_reiki.jpg","contentUrl":"http:\/\/academiedubienetre.fr\/wp-content\/uploads\/2019\/12\/bol_reiki.jpg","width":1920,"height":1441,"caption":"Acad\u00e9mie du bien-\u00eatre"},"image":{"@id":"https:\/\/academiedubienetre.fr\/#\/schema\/logo\/image\/"}}]}},"_links":{"self":[{"href":"https:\/\/academiedubienetre.fr\/index.php\/wp-json\/wp\/v2\/pages\/255"}],"collection":[{"href":"https:\/\/academiedubienetre.fr\/index.php\/wp-json\/wp\/v2\/pages"}],"about":[{"href":"https:\/\/academiedubienetre.fr\/index.php\/wp-json\/wp\/v2\/types\/page"}],"author":[{"embeddable":true,"href":"https:\/\/academiedubienetre.fr\/index.php\/wp-json\/wp\/v2\/users\/1"}],"replies":[{"embeddable":true,"href":"https:\/\/academiedubienetre.fr\/index.php\/wp-json\/wp\/v2\/comments?post=255"}],"version-history":[{"count":15,"href":"https:\/\/academiedubienetre.fr\/index.php\/wp-json\/wp\/v2\/pages\/255\/revisions"}],"predecessor-version":[{"id":576,"href":"https:\/\/academiedubienetre.fr\/index.php\/wp-json\/wp\/v2\/pages\/255\/revisions\/576"}],"wp:attachment":[{"href":"https:\/\/academiedubienetre.fr\/index.php\/wp-json\/wp\/v2\/media?parent=255"}],"curies":[{"name":"wp","href":"https:\/\/api.w.org\/{rel}","templated":true}]}}